{"id":89,"date":"2012-11-21T23:01:21","date_gmt":"2012-11-22T00:01:21","guid":{"rendered":"http:\/\/musik-in-st-martin.de\/n12\/?page_id=89"},"modified":"2026-01-09T16:12:57","modified_gmt":"2026-01-09T15:12:57","slug":"vorstand","status":"publish","type":"page","link":"https:\/\/musik-in-st-martin.de\/n12\/uber-uns\/vorstand\/","title":{"rendered":"Vorstand"},"content":{"rendered":"<p>Der Verein wird rechtlich vertreten durch den Vorsitzenden\/die Vorsitzende oder die stellvertetende Vorsitzende\/den stellvertretenden Vorsitzenden. Die Mitgliederversammlung w\u00e4hlt den Vorstand f\u00fcr eine Amtszeit von 3 Jahren. Der erweiterte Vorstand trifft sich mehrmals j\u00e4hrlich zu Vorstandssitzungen. Nat\u00fcrlich tauschen sich die Vorstandsmitglieder auch per E-Mail oder nach den Proben oder Veranstaltungen untereinander aus.<\/p>\n<p>Aktuell sind nach den Wahlen auf der letzten Mitgliederversammlung vom 21. November 2025 im Vorstand f\u00fcr die n\u00e4chsten 3 Jahre vertreten:<\/p>\n<ul>\n<li>Vorsitzender: Michael Sch\u00fclke<\/li>\n<li>Stellvertretender Vorsitzender: J\u00f6rg Herzog<\/li>\n<li>Schatzmeisterin: Christiane Kufner<\/li>\n<li>Beisitzerin: Iris Oesterreicher<\/li>\n<li>Beisitzer: Frank Bredthauer<\/li>\n<\/ul>\n<p>Stimmberechtigt im Vorstand ist au\u00dferdem Magnus Witting als Kantor und Posaunenchorleiter. Je ein Mitglied der Musikgruppen kann \u2212 laut \u00a76 der Vereinssatzung \u2212 mit beratender Stimme teilnehmen, sofern diese nicht als Vorstandsmitglieder stimmberechtigt sind.<\/p>\n","protected":false},"excerpt":{"rendered":"<p>Der Verein wird rechtlich vertreten durch den Vorsitzenden\/die Vorsitzende oder die stellvertetende Vorsitzende\/den stellvertretenden Vorsitzenden. Die Mitgliederversammlung w\u00e4hlt den Vorstand f\u00fcr eine Amtszeit von 3 Jahren. Der erweiterte Vorstand trifft sich mehrmals j\u00e4hrlich zu Vorstandssitzungen. Nat\u00fcrlich tauschen sich die Vorstandsmitglieder &hellip; <a href=\"https:\/\/musik-in-st-martin.de\/n12\/uber-uns\/vorstand\/\">Weiterlesen <span class=\"meta-nav\">&rarr;<\/span><\/a><\/p>\n","protected":false},"author":2,"featured_media":0,"parent":35,"menu_order":4,"comment_status":"closed","ping_status":"open","template":"","meta":{"footnotes":""},"class_list":["post-89","page","type-page","status-publish","hentry"],"_links":{"self":[{"href":"https:\/\/musik-in-st-martin.de\/n12\/wp-json\/wp\/v2\/pages\/89","targetHints":{"allow":["GET"]}}],"collection":[{"href":"https:\/\/musik-in-st-martin.de\/n12\/wp-json\/wp\/v2\/pages"}],"about":[{"href":"https:\/\/musik-in-st-martin.de\/n12\/wp-json\/wp\/v2\/types\/page"}],"author":[{"embeddable":true,"href":"https:\/\/musik-in-st-martin.de\/n12\/wp-json\/wp\/v2\/users\/2"}],"replies":[{"embeddable":true,"href":"https:\/\/musik-in-st-martin.de\/n12\/wp-json\/wp\/v2\/comments?post=89"}],"version-history":[{"count":25,"href":"https:\/\/musik-in-st-martin.de\/n12\/wp-json\/wp\/v2\/pages\/89\/revisions"}],"predecessor-version":[{"id":3648,"href":"https:\/\/musik-in-st-martin.de\/n12\/wp-json\/wp\/v2\/pages\/89\/revisions\/3648"}],"up":[{"embeddable":true,"href":"https:\/\/musik-in-st-martin.de\/n12\/wp-json\/wp\/v2\/pages\/35"}],"wp:attachment":[{"href":"https:\/\/musik-in-st-martin.de\/n12\/wp-json\/wp\/v2\/media?parent=89"}],"curies":[{"name":"wp","href":"https:\/\/api.w.org\/{rel}","templated":true}]}}