{"id":41,"date":"2012-11-21T21:37:00","date_gmt":"2012-11-21T22:37:00","guid":{"rendered":"http:\/\/musik-in-st-martin.de\/n12\/?page_id=41"},"modified":"2025-06-19T22:38:18","modified_gmt":"2025-06-19T20:38:18","slug":"kantorei-st-martin","status":"publish","type":"page","link":"https:\/\/musik-in-st-martin.de\/n12\/musik\/kantorei-st-martin\/","title":{"rendered":"Kantorei St. Martin"},"content":{"rendered":"<p>Die Kantorei St. Martin unter Leitung von Kantor Magnus Witting probt am Dienstagabend um 19.30 Uhr im Gemeindehaus St. Martin in der Niemeyerstra\u00dfe 16 (Stand: Juni 2025).<\/p>\n<p>Kontakt: Tel. 0157 31 36 21 44, E-Mail: magnus.witting@evlka.de<\/p>\n<p>Tutti: Dienstags, 19:30 bis 21 Uhr<\/p>\n<p>&#8222;How To Chor&#8220;-Gruppe davor von 19:00 bis 19:30 Uhr (nach Absprache)<\/p>\n<p>Probenpausen in den Schulferien<\/p>\n<p>Herzliche Bitte: Gerne abmelden, wenn man nicht kann!<\/p>\n<p>Stand: Juni 2025<\/p>\n<p>Bei Interesse am Mitwirken im Chor melden Sie sich gerne bei Kantor Magnus Witting &#8211; die Kantorei freut sich auf Sie!<br \/>\n<!--\n&lt;!\n<strong>Chorproben haben wieder begonnen: Die Kantorei St. Martin freut sich \u00fcber Mitsingende<\/strong>\nDie Kantorei St. Martin hat Ende April 2021 wieder mit Live-Proben begonnen. Die Mitglieder des Chores hatten sich im Vorfeld f\u00fcr Projekte eingeteilt, die in Kleingruppen von bis zu acht S\u00e4nger*innen einstudiert werden und in verschiedenen Gottesdiensten zur Auff\u00fchrung kommen. Selbstverst\u00e4ndlich werden bei den Proben wie auch bei den Auftritten im Gottesdienst die geltenden Hygienebestimmungen eingehalten. Die Probenden freuen sich, nach so langer Zeit des Wartens wieder zu gemeinsamer Arbeit an musikalischen Werken zusammenzukommen. Bei Interesse am Mitwirken im Chor melden Sie sich gerne bei Isabelle Grupe:\n\nmusik.stmartinlinden@yahoo.com\n\n- die Kantorei freut sich auf Sie!\n--><\/p>\n<p>Die Kantorei &#8211; oder einige ihrer Mitglieder &#8211; ist bzw. sind regelm\u00e4\u00dfig in festlichen Gottesdiensten in St. Martin zu h\u00f6ren, in der Adventszeit, am Heiligen Abend, am Karfreitag oder auch zur Konfirmation.<br \/>\n<!--\nEinen Bericht \u00fcber den letzten stattgefundenen gr\u00f6\u00dferen Auftritt der Kantorei St. Martin im Dezember 2019 finden Sie <a href=\"https:\/\/musik-in-st-martin.de\/n12\/bericht-bach-um-fuenf-mit-kantorei-st-martin\/\" target=\"_blank\" rel=\"noopener noreferrer\">hier<\/a>. <a href=\"https:\/\/musik-in-st-martin.de\/n12\/wp-content\/uploads\/2018\/12\/045_st_martin_1000x288.jpg\"><img loading=\"lazy\" decoding=\"async\" class=\" wp-image-2650 aligncenter\" src=\"https:\/\/musik-in-st-martin.de\/n12\/wp-content\/uploads\/2018\/12\/045_st_martin_1000x288-300x86.jpg\" alt=\"\" width=\"546\" height=\"168\" \/><\/a>\n--><\/p>\n","protected":false},"excerpt":{"rendered":"<p>Die Kantorei St. Martin unter Leitung von Kantor Magnus Witting probt am Dienstagabend um 19.30 Uhr im Gemeindehaus St. Martin in der Niemeyerstra\u00dfe 16 (Stand: Juni 2025). Kontakt: Tel. 0157 31 36 21 44, E-Mail: magnus.witting@evlka.de Tutti: Dienstags, 19:30 bis &hellip; <a href=\"https:\/\/musik-in-st-martin.de\/n12\/musik\/kantorei-st-martin\/\">Weiterlesen <span class=\"meta-nav\">&rarr;<\/span><\/a><\/p>\n","protected":false},"author":2,"featured_media":0,"parent":31,"menu_order":1,"comment_status":"closed","ping_status":"open","template":"","meta":{"footnotes":""},"class_list":["post-41","page","type-page","status-publish","hentry"],"_links":{"self":[{"href":"https:\/\/musik-in-st-martin.de\/n12\/wp-json\/wp\/v2\/pages\/41","targetHints":{"allow":["GET"]}}],"collection":[{"href":"https:\/\/musik-in-st-martin.de\/n12\/wp-json\/wp\/v2\/pages"}],"about":[{"href":"https:\/\/musik-in-st-martin.de\/n12\/wp-json\/wp\/v2\/types\/page"}],"author":[{"embeddable":true,"href":"https:\/\/musik-in-st-martin.de\/n12\/wp-json\/wp\/v2\/users\/2"}],"replies":[{"embeddable":true,"href":"https:\/\/musik-in-st-martin.de\/n12\/wp-json\/wp\/v2\/comments?post=41"}],"version-history":[{"count":94,"href":"https:\/\/musik-in-st-martin.de\/n12\/wp-json\/wp\/v2\/pages\/41\/revisions"}],"predecessor-version":[{"id":3621,"href":"https:\/\/musik-in-st-martin.de\/n12\/wp-json\/wp\/v2\/pages\/41\/revisions\/3621"}],"up":[{"embeddable":true,"href":"https:\/\/musik-in-st-martin.de\/n12\/wp-json\/wp\/v2\/pages\/31"}],"wp:attachment":[{"href":"https:\/\/musik-in-st-martin.de\/n12\/wp-json\/wp\/v2\/media?parent=41"}],"curies":[{"name":"wp","href":"https:\/\/api.w.org\/{rel}","templated":true}]}}