{"id":350,"date":"2012-11-28T21:39:33","date_gmt":"2012-11-28T20:39:33","guid":{"rendered":"http:\/\/musik-in-st-martin.de\/n12\/?page_id=350"},"modified":"2020-03-12T15:09:24","modified_gmt":"2020-03-12T14:09:24","slug":"downloads","status":"publish","type":"page","link":"https:\/\/musik-in-st-martin.de\/n12\/kontakt\/downloads\/","title":{"rendered":"Downloads"},"content":{"rendered":"<p>Der Flyer 2018\u00a0<strong>\u00bb<\/strong><strong><a href=\"http:\/\/musik-in-st-martin.de\/n12\/wp-content\/uploads\/2018\/09\/FVKM_FlyerFoerderer_09-2018.pdf\" target=\"_blank\" rel=\"noopener noreferrer\">Mitglied werden im F\u00f6rderverein Kirchenmusik St. Martin<\/a>\u00ab<\/strong> als PDF (neue Version 9\/2018)<\/p>\n<p>PDF-Formular <strong>\u00bb<\/strong><strong><a href=\"http:\/\/musik-in-st-martin.de\/n12\/wp-content\/uploads\/2018\/09\/FVKM_Formular_Mitgliedschaft201809.pdf\" target=\"_blank\" rel=\"noopener noreferrer\">Mitglied werden<\/a><\/strong><strong>\u00ab<\/strong><\/p>\n<p>PDF-Formular <strong>\u00bb<\/strong><strong><a href=\"http:\/\/musik-in-st-martin.de\/n12\/wp-content\/uploads\/2018\/09\/FVKM_Formular_SpendeEinmalig201809.pdf\" target=\"_blank\" rel=\"noopener noreferrer\">Einmalige Spende<\/a><\/strong><strong>\u00ab<\/strong><\/p>\n<p>PDF-Formular <strong>\u00bb<\/strong><strong><a href=\"http:\/\/musik-in-st-martin.de\/n12\/wp-content\/uploads\/2018\/09\/FVKM_Formular_Foerderung201809.pdf\" target=\"_blank\" rel=\"noopener noreferrer\">Regelm\u00e4\u00dfiger F\u00f6rderer werden<\/a><\/strong><strong>\u00ab<\/strong><\/p>\n","protected":false},"excerpt":{"rendered":"<p>Der Flyer 2018\u00a0\u00bbMitglied werden im F\u00f6rderverein Kirchenmusik St. Martin\u00ab als PDF (neue Version 9\/2018) PDF-Formular \u00bbMitglied werden\u00ab PDF-Formular \u00bbEinmalige Spende\u00ab PDF-Formular \u00bbRegelm\u00e4\u00dfiger F\u00f6rderer werden\u00ab<\/p>\n","protected":false},"author":3,"featured_media":0,"parent":227,"menu_order":0,"comment_status":"closed","ping_status":"open","template":"","meta":{"footnotes":""},"class_list":["post-350","page","type-page","status-publish","hentry"],"_links":{"self":[{"href":"https:\/\/musik-in-st-martin.de\/n12\/wp-json\/wp\/v2\/pages\/350","targetHints":{"allow":["GET"]}}],"collection":[{"href":"https:\/\/musik-in-st-martin.de\/n12\/wp-json\/wp\/v2\/pages"}],"about":[{"href":"https:\/\/musik-in-st-martin.de\/n12\/wp-json\/wp\/v2\/types\/page"}],"author":[{"embeddable":true,"href":"https:\/\/musik-in-st-martin.de\/n12\/wp-json\/wp\/v2\/users\/3"}],"replies":[{"embeddable":true,"href":"https:\/\/musik-in-st-martin.de\/n12\/wp-json\/wp\/v2\/comments?post=350"}],"version-history":[{"count":26,"href":"https:\/\/musik-in-st-martin.de\/n12\/wp-json\/wp\/v2\/pages\/350\/revisions"}],"predecessor-version":[{"id":3200,"href":"https:\/\/musik-in-st-martin.de\/n12\/wp-json\/wp\/v2\/pages\/350\/revisions\/3200"}],"up":[{"embeddable":true,"href":"https:\/\/musik-in-st-martin.de\/n12\/wp-json\/wp\/v2\/pages\/227"}],"wp:attachment":[{"href":"https:\/\/musik-in-st-martin.de\/n12\/wp-json\/wp\/v2\/media?parent=350"}],"curies":[{"name":"wp","href":"https:\/\/api.w.org\/{rel}","templated":true}]}}