{"id":3403,"date":"2021-05-24T11:21:56","date_gmt":"2021-05-24T09:21:56","guid":{"rendered":"https:\/\/musik-in-st-martin.de\/n12\/?page_id=3403"},"modified":"2025-06-19T23:42:40","modified_gmt":"2025-06-19T21:42:40","slug":"orgeljahr-2021-lindener-marktimpuls","status":"publish","type":"page","link":"https:\/\/musik-in-st-martin.de\/n12\/ott-orgel\/orgeljahr-2021-lindener-marktimpuls\/","title":{"rendered":"Orgeljahr 2021: Lindener Marktimpuls"},"content":{"rendered":"<p><a href=\"https:\/\/musik-in-st-martin.de\/n12\/wp-content\/uploads\/2021\/05\/Plakat-Lindener-Marktimpuls-2021.jpg\"><img loading=\"lazy\" decoding=\"async\" class=\"aligncenter size-medium wp-image-3393\" src=\"https:\/\/musik-in-st-martin.de\/n12\/wp-content\/uploads\/2021\/05\/Plakat-Lindener-Marktimpuls-2021-212x300.jpg\" alt=\"\" width=\"212\" height=\"300\" srcset=\"https:\/\/musik-in-st-martin.de\/n12\/wp-content\/uploads\/2021\/05\/Plakat-Lindener-Marktimpuls-2021-212x300.jpg 212w, https:\/\/musik-in-st-martin.de\/n12\/wp-content\/uploads\/2021\/05\/Plakat-Lindener-Marktimpuls-2021-724x1024.jpg 724w, https:\/\/musik-in-st-martin.de\/n12\/wp-content\/uploads\/2021\/05\/Plakat-Lindener-Marktimpuls-2021-768x1086.jpg 768w, https:\/\/musik-in-st-martin.de\/n12\/wp-content\/uploads\/2021\/05\/Plakat-Lindener-Marktimpuls-2021.jpg 827w\" sizes=\"auto, (max-width: 212px) 100vw, 212px\" \/><\/a><\/p>\n<p>Eine kleine Pause vom Marktrummel bietet die St. Martins-Kirchengemeinde: Die Lindener Marktimpulse 2021 laden dazu ein, sch\u00f6ne laute und leise Orgelkl\u00e4nge zu entdecken und sich 30 Minuten Entspannung mit Wort und Live-Musik zu g\u00f6nnen.<\/p>\n<p>Mehr als nur Begleitung:<br \/>\nGemeindegesang f\u00fchren, Kirchenlieder begleiten und liturgischen Gesang st\u00fctzen: das kann die Orgel.<br \/>\nUnd doch ist noch mehr mit ihr m\u00f6glich:. Sie kann Stimmungen und Atmosph\u00e4re zaubern, majest\u00e4tische und zarte Kl\u00e4nge gleicherma\u00dfen vermitteln, ernste und lockere Musik instrumentieren und darstellen &#8211; gelegentlich sogar den einen oder anderen musikalischen Scherz wagen. Diese Vielfalt zeigt die Andachtsreihe &#8222;Lindener Marktimpuls&#8220; in der St. Martinskirche. Sie startete am Sonnabend, 29. Mai und wird das ganze Jahr \u00fcber fortgef\u00fchrt: An jeweils einem Samstag im Monat erklingen laute und leise Orgelkl\u00e4nge in der Kirche, dazu gibt es passende Texte und Impulse. Etwa 30 Minuten lang sollen die Besucher*innen so aus ihrem Alltag entf\u00fchrt werden und eine kleine Auszeit erfahren.<\/p>\n<p>Ende Mai 2021 startet diese neue Reihe mit Orgelmusik: Am letzten Sonnabend des Monats, morgens zur Marktzeit.<\/p>\n<p>Beginn jeweils 11:15 Uhr<\/p>\n<p>Eine halbe Stunde mit geistlichem Impuls und Orgelmusik.<\/p>\n<p>Termine Lindener Marktimpuls 2021:<br \/>\n29.05.2021- Isabelle Grupe, St. Martin (Linden)<\/p>\n<p>26.06.2021 &#8211; Harald R\u00f6hrig, Herrenhausen<\/p>\n<p>31.07.2021 &#8211; Michael \u010culo, Neust\u00e4dter Kirche<\/p>\n<p>28.08.2021 &#8211; Robin Hlinka, St. Andreas (Springe)<\/p>\n<p>25.09.2021 &#8211; Martin Dietterle, Markuskirche (Hannover-List)<\/p>\n<p>30.10.2021 &#8211; Lukas Lattau, Braunschweig<\/p>\n<p>27.11.2021 &#8211; Ole Magers, Klosterkirche Barsinghausen<\/p>\n<p>18.12.2021 &#8211; Magdalena Andrulewicz, St. Willehad (Gro\u00df Gr\u00f6nau)<\/p>\n<p>\u00c4nderungen vorbehalten &#8211; Stand: 08.05.2021<\/p>\n","protected":false},"excerpt":{"rendered":"<p>Eine kleine Pause vom Marktrummel bietet die St. Martins-Kirchengemeinde: Die Lindener Marktimpulse 2021 laden dazu ein, sch\u00f6ne laute und leise Orgelkl\u00e4nge zu entdecken und sich 30 Minuten Entspannung mit Wort und Live-Musik zu g\u00f6nnen. Mehr als nur Begleitung: Gemeindegesang f\u00fchren, &hellip; <a href=\"https:\/\/musik-in-st-martin.de\/n12\/ott-orgel\/orgeljahr-2021-lindener-marktimpuls\/\">Weiterlesen <span class=\"meta-nav\">&rarr;<\/span><\/a><\/p>\n","protected":false},"author":2,"featured_media":0,"parent":283,"menu_order":0,"comment_status":"closed","ping_status":"closed","template":"","meta":{"footnotes":""},"class_list":["post-3403","page","type-page","status-publish","hentry"],"_links":{"self":[{"href":"https:\/\/musik-in-st-martin.de\/n12\/wp-json\/wp\/v2\/pages\/3403","targetHints":{"allow":["GET"]}}],"collection":[{"href":"https:\/\/musik-in-st-martin.de\/n12\/wp-json\/wp\/v2\/pages"}],"about":[{"href":"https:\/\/musik-in-st-martin.de\/n12\/wp-json\/wp\/v2\/types\/page"}],"author":[{"embeddable":true,"href":"https:\/\/musik-in-st-martin.de\/n12\/wp-json\/wp\/v2\/users\/2"}],"replies":[{"embeddable":true,"href":"https:\/\/musik-in-st-martin.de\/n12\/wp-json\/wp\/v2\/comments?post=3403"}],"version-history":[{"count":8,"href":"https:\/\/musik-in-st-martin.de\/n12\/wp-json\/wp\/v2\/pages\/3403\/revisions"}],"predecessor-version":[{"id":3620,"href":"https:\/\/musik-in-st-martin.de\/n12\/wp-json\/wp\/v2\/pages\/3403\/revisions\/3620"}],"up":[{"embeddable":true,"href":"https:\/\/musik-in-st-martin.de\/n12\/wp-json\/wp\/v2\/pages\/283"}],"wp:attachment":[{"href":"https:\/\/musik-in-st-martin.de\/n12\/wp-json\/wp\/v2\/media?parent=3403"}],"curies":[{"name":"wp","href":"https:\/\/api.w.org\/{rel}","templated":true}]}}