{"id":31,"date":"2012-11-21T21:31:39","date_gmt":"2012-11-21T22:31:39","guid":{"rendered":"http:\/\/musik-in-st-martin.de\/n12\/?page_id=31"},"modified":"2020-12-30T19:36:02","modified_gmt":"2020-12-30T18:36:02","slug":"musik","status":"publish","type":"page","link":"https:\/\/musik-in-st-martin.de\/n12\/musik\/","title":{"rendered":"MUSIK"},"content":{"rendered":"<p>Musik in St. Martin<\/p>\n<p>Seit Jahrzehnten bildet die Kirchenmusik einen Schwerpunkt der Gemeindearbeit. In den verschiedenen Gruppen, im Gottesdienst und in Konzerten wurden und werden Gemeindeglieder und Menschen aus dem Stadtteil und dar\u00fcber hinaus musikalisch aktiv, andere kommen gern zu den vielf\u00e4ltigen musikalischen Veranstaltungen in der Martinskirche, im Gemeindehaus und im Stadtteil.<br \/>\nWer selbst in der Kantorei St. Martin oder im Posaunenchor St. Martin aktiv werden m\u00f6chte, wendet sich am besten an Kantorin Isabelle Grupe oder an Posaunenchorleiter Hartmut S\u00fc\u00df.<\/p>\n<p>Da nicht alles W\u00fcnschenswerte von der Kirchengemeinde St. Martin selbst angeboten und organisiert werden kann, gibt es seit 2020 eine Zusammenarbeit mit KiKiMu &#8211; der Musikschule f\u00fcr Kinder und Jugendliche des Stadtkirchenverbandes Hannover. Au\u00dferdem finden immer wieder &#8222;Fremdkonzerte&#8220; in der Martinskirche statt. So hat sich u.a. inzwischen eine gute Zusammenarbeit mit &#8222;FEINKOST LAMPE &#8211; Verein f\u00fcr Raumklangpflege&#8220; aus Linden-Mitte ergeben. Dieser Verein hat in den letzten Jahren in Kooperation mit der Kirchengemeinde mehrere Konzerte in der Martinskirche organisiert.<\/p>\n<p>Seit 2005 unterst\u00fctzt der F\u00f6rderverein Kirchenmusik St. Martin die Kirchengemeinde ideell und finanziell bei der Bereitstellung, Sicherung und Erweiterung des kirchenmusikalischen Angebots: Dazu geh\u00f6ren Werbema\u00dfnahmen ebenso wie Zusch\u00fcsse f\u00fcr Probenwochenenden, die Vorbereitung der Finanzierung bei der Beschaffung von teuren Musikinstrumenten wie Truhenorgel, Waldh\u00f6rnern und Bassfl\u00f6ten oder auch die Absicherung der Honorare von Musikerinnen und Musikern und die Beschaffung von Notenmaterial oder Pultleuchten, um Konzerte veranstalten zu k\u00f6nnen.<\/p>\n","protected":false},"excerpt":{"rendered":"<p>Musik in St. Martin Seit Jahrzehnten bildet die Kirchenmusik einen Schwerpunkt der Gemeindearbeit. In den verschiedenen Gruppen, im Gottesdienst und in Konzerten wurden und werden Gemeindeglieder und Menschen aus dem Stadtteil und dar\u00fcber hinaus musikalisch aktiv, andere kommen gern zu &hellip; <a href=\"https:\/\/musik-in-st-martin.de\/n12\/musik\/\">Weiterlesen <span class=\"meta-nav\">&rarr;<\/span><\/a><\/p>\n","protected":false},"author":2,"featured_media":0,"parent":0,"menu_order":3,"comment_status":"closed","ping_status":"open","template":"","meta":{"footnotes":""},"class_list":["post-31","page","type-page","status-publish","hentry"],"_links":{"self":[{"href":"https:\/\/musik-in-st-martin.de\/n12\/wp-json\/wp\/v2\/pages\/31","targetHints":{"allow":["GET"]}}],"collection":[{"href":"https:\/\/musik-in-st-martin.de\/n12\/wp-json\/wp\/v2\/pages"}],"about":[{"href":"https:\/\/musik-in-st-martin.de\/n12\/wp-json\/wp\/v2\/types\/page"}],"author":[{"embeddable":true,"href":"https:\/\/musik-in-st-martin.de\/n12\/wp-json\/wp\/v2\/users\/2"}],"replies":[{"embeddable":true,"href":"https:\/\/musik-in-st-martin.de\/n12\/wp-json\/wp\/v2\/comments?post=31"}],"version-history":[{"count":18,"href":"https:\/\/musik-in-st-martin.de\/n12\/wp-json\/wp\/v2\/pages\/31\/revisions"}],"predecessor-version":[{"id":3318,"href":"https:\/\/musik-in-st-martin.de\/n12\/wp-json\/wp\/v2\/pages\/31\/revisions\/3318"}],"wp:attachment":[{"href":"https:\/\/musik-in-st-martin.de\/n12\/wp-json\/wp\/v2\/media?parent=31"}],"curies":[{"name":"wp","href":"https:\/\/api.w.org\/{rel}","templated":true}]}}